{"id":1301,"date":"2026-04-19T16:05:29","date_gmt":"2026-04-19T16:05:29","guid":{"rendered":""},"modified":"2026-04-19T16:05:29","modified_gmt":"2026-04-19T16:05:29","slug":"ueber-uns","status":"publish","type":"page","link":"https:\/\/pfeffer.information2go.de\/ueber-uns\/","title":{"rendered":"\u00dcber uns"},"content":{"rendered":"<p>Die Historische Gastwirtschaft Pfeffersack liegt im Herzen Freibergs, direkt am Dom im historischen Sch\u00f6nbergschen Hof. Das einzigartige Kreuzgew\u00f6lbe und die altert\u00fcmlich gehaltene Einrichtung entf\u00fchren Sie in vergangene Jahrhunderte. Erleben Sie rustikale s\u00e4chsische Gastlichkeit, deftige K\u00fcche und frisches Freiberger Bier vom Fass.<\/p>\n","protected":false},"excerpt":{"rendered":"<p>Die Historische Gastwirtschaft Pfeffersack liegt im Herzen Freibergs, direkt am Dom im historischen Sch\u00f6nbergschen Hof. Das einzigartige Kreuzgew\u00f6lbe und die altert\u00fcmlich gehaltene Einrichtung entf\u00fchren Sie in vergangene Jahrhunderte. Erleben Sie rustikale s\u00e4chsische Gastlichkeit, deftige K\u00fcche und frisches Freiberger Bier vom Fass.<\/p>\n","protected":false},"author":1,"featured_media":0,"parent":0,"menu_order":0,"comment_status":"closed","ping_status":"closed","template":"","meta":{"footnotes":""},"class_list":["post-1301","page","type-page","status-publish","hentry"],"yoast_head":"<!-- This site is optimized with the Yoast SEO plugin v27.4 - https:\/\/yoast.com\/product\/yoast-seo-wordpress\/ -->\n<title>\u00dcber uns - Historische Gastwirtschaft Pfeffersack<\/title>\n<meta name=\"robots\" content=\"index, follow, max-snippet:-1, max-image-preview:large, max-video-preview:-1\" \/>\n<link rel=\"canonical\" href=\"https:\/\/pfeffer.information2go.de\/ueber-uns\/\" \/>\n<meta property=\"og:locale\" content=\"de_DE\" \/>\n<meta property=\"og:type\" content=\"article\" \/>\n<meta property=\"og:title\" content=\"\u00dcber uns - Historische Gastwirtschaft Pfeffersack\" \/>\n<meta property=\"og:description\" content=\"Die Historische Gastwirtschaft Pfeffersack liegt im Herzen Freibergs, direkt am Dom im historischen Sch\u00f6nbergschen Hof. Das einzigartige Kreuzgew\u00f6lbe und die altert\u00fcmlich gehaltene Einrichtung entf\u00fchren Sie in vergangene Jahrhunderte. Erleben Sie rustikale s\u00e4chsische Gastlichkeit, deftige K\u00fcche und frisches Freiberger Bier vom Fass.\" \/>\n<meta property=\"og:url\" content=\"https:\/\/pfeffer.information2go.de\/ueber-uns\/\" \/>\n<meta property=\"og:site_name\" content=\"Historische Gastwirtschaft Pfeffersack\" \/>\n<meta name=\"twitter:card\" content=\"summary_large_image\" \/>\n<script type=\"application\/ld+json\" class=\"yoast-schema-graph\">{\"@context\":\"https:\\\/\\\/schema.org\",\"@graph\":[{\"@type\":\"WebPage\",\"@id\":\"https:\\\/\\\/pfeffer.information2go.de\\\/ueber-uns\\\/\",\"url\":\"https:\\\/\\\/pfeffer.information2go.de\\\/ueber-uns\\\/\",\"name\":\"\u00dcber uns - Historische Gastwirtschaft Pfeffersack\",\"isPartOf\":{\"@id\":\"https:\\\/\\\/pfeffer.information2go.de\\\/#website\"},\"datePublished\":\"2026-04-19T16:05:29+00:00\",\"breadcrumb\":{\"@id\":\"https:\\\/\\\/pfeffer.information2go.de\\\/ueber-uns\\\/#breadcrumb\"},\"inLanguage\":\"de\",\"potentialAction\":[{\"@type\":\"ReadAction\",\"target\":[\"https:\\\/\\\/pfeffer.information2go.de\\\/ueber-uns\\\/\"]}]},{\"@type\":\"BreadcrumbList\",\"@id\":\"https:\\\/\\\/pfeffer.information2go.de\\\/ueber-uns\\\/#breadcrumb\",\"itemListElement\":[{\"@type\":\"ListItem\",\"position\":1,\"name\":\"Start\",\"item\":\"https:\\\/\\\/pfeffer.information2go.de\\\/\"},{\"@type\":\"ListItem\",\"position\":2,\"name\":\"\u00dcber uns\"}]},{\"@type\":\"WebSite\",\"@id\":\"https:\\\/\\\/pfeffer.information2go.de\\\/#website\",\"url\":\"https:\\\/\\\/pfeffer.information2go.de\\\/\",\"name\":\"Historische Gastwirtschaft Pfeffersack\",\"description\":\"Rustikale K\u00fcche &amp; Kultur im Herzen von Freiberg\",\"potentialAction\":[{\"@type\":\"SearchAction\",\"target\":{\"@type\":\"EntryPoint\",\"urlTemplate\":\"https:\\\/\\\/pfeffer.information2go.de\\\/?s={search_term_string}\"},\"query-input\":{\"@type\":\"PropertyValueSpecification\",\"valueRequired\":true,\"valueName\":\"search_term_string\"}}],\"inLanguage\":\"de\"}]}<\/script>\n<!-- \/ Yoast SEO plugin. -->","yoast_head_json":{"title":"\u00dcber uns - Historische Gastwirtschaft Pfeffersack","robots":{"index":"index","follow":"follow","max-snippet":"max-snippet:-1","max-image-preview":"max-image-preview:large","max-video-preview":"max-video-preview:-1"},"canonical":"https:\/\/pfeffer.information2go.de\/ueber-uns\/","og_locale":"de_DE","og_type":"article","og_title":"\u00dcber uns - Historische Gastwirtschaft Pfeffersack","og_description":"Die Historische Gastwirtschaft Pfeffersack liegt im Herzen Freibergs, direkt am Dom im historischen Sch\u00f6nbergschen Hof. Das einzigartige Kreuzgew\u00f6lbe und die altert\u00fcmlich gehaltene Einrichtung entf\u00fchren Sie in vergangene Jahrhunderte. Erleben Sie rustikale s\u00e4chsische Gastlichkeit, deftige K\u00fcche und frisches Freiberger Bier vom Fass.","og_url":"https:\/\/pfeffer.information2go.de\/ueber-uns\/","og_site_name":"Historische Gastwirtschaft Pfeffersack","twitter_card":"summary_large_image","schema":{"@context":"https:\/\/schema.org","@graph":[{"@type":"WebPage","@id":"https:\/\/pfeffer.information2go.de\/ueber-uns\/","url":"https:\/\/pfeffer.information2go.de\/ueber-uns\/","name":"\u00dcber uns - Historische Gastwirtschaft Pfeffersack","isPartOf":{"@id":"https:\/\/pfeffer.information2go.de\/#website"},"datePublished":"2026-04-19T16:05:29+00:00","breadcrumb":{"@id":"https:\/\/pfeffer.information2go.de\/ueber-uns\/#breadcrumb"},"inLanguage":"de","potentialAction":[{"@type":"ReadAction","target":["https:\/\/pfeffer.information2go.de\/ueber-uns\/"]}]},{"@type":"BreadcrumbList","@id":"https:\/\/pfeffer.information2go.de\/ueber-uns\/#breadcrumb","itemListElement":[{"@type":"ListItem","position":1,"name":"Start","item":"https:\/\/pfeffer.information2go.de\/"},{"@type":"ListItem","position":2,"name":"\u00dcber uns"}]},{"@type":"WebSite","@id":"https:\/\/pfeffer.information2go.de\/#website","url":"https:\/\/pfeffer.information2go.de\/","name":"Historische Gastwirtschaft Pfeffersack","description":"Rustikale K\u00fcche &amp; Kultur im Herzen von Freiberg","potentialAction":[{"@type":"SearchAction","target":{"@type":"EntryPoint","urlTemplate":"https:\/\/pfeffer.information2go.de\/?s={search_term_string}"},"query-input":{"@type":"PropertyValueSpecification","valueRequired":true,"valueName":"search_term_string"}}],"inLanguage":"de"}]}},"_links":{"self":[{"href":"https:\/\/pfeffer.information2go.de\/wp-json\/wp\/v2\/pages\/1301","targetHints":{"allow":["GET"]}}],"collection":[{"href":"https:\/\/pfeffer.information2go.de\/wp-json\/wp\/v2\/pages"}],"about":[{"href":"https:\/\/pfeffer.information2go.de\/wp-json\/wp\/v2\/types\/page"}],"author":[{"embeddable":true,"href":"https:\/\/pfeffer.information2go.de\/wp-json\/wp\/v2\/users\/1"}],"replies":[{"embeddable":true,"href":"https:\/\/pfeffer.information2go.de\/wp-json\/wp\/v2\/comments?post=1301"}],"version-history":[{"count":0,"href":"https:\/\/pfeffer.information2go.de\/wp-json\/wp\/v2\/pages\/1301\/revisions"}],"wp:attachment":[{"href":"https:\/\/pfeffer.information2go.de\/wp-json\/wp\/v2\/media?parent=1301"}],"curies":[{"name":"wp","href":"https:\/\/api.w.org\/{rel}","templated":true}]}}